{"id":82,"date":"2024-05-17T18:25:12","date_gmt":"2016-11-17T16:25:12","guid":{"rendered":"http:\/\/demo.safirtema.com\/poyraz\/?page_id=82"},"modified":"2025-09-24T15:48:05","modified_gmt":"2025-09-24T12:48:05","slug":"kunye","status":"publish","type":"page","link":"https:\/\/www.sarayduzuhaber.com\/index.php\/kunye\/","title":{"rendered":"K\u00fcnye"},"content":{"rendered":"\n<p class=\"has-text-align-center\"><strong>Y\u00f6netim Yeri Adresi:<\/strong><br>YUKARI AKPINAR K\u00d6Y\u00dc SARAYD\u00dcZ\u00dc \/ S\u0130NOP<\/p>\n\n\n\n<p class=\"has-text-align-center\"><strong>Sorumlu :<\/strong><br>\u015eemsettin YAVUZ<\/p>\n\n\n\n<p class=\"has-text-align-center\"><strong>E-posta:<\/strong><br><a href=\"mailto:bilgi@sarayduzuhaber.com\">bilgi@sarayduzuhaber.com<\/a><\/p>\n\n\n\n<p class=\"has-text-align-center\"><\/p>\n","protected":false},"excerpt":{"rendered":"<p>Y\u00f6netim Yeri Adresi:YUKARI AKPINAR K\u00d6Y\u00dc SARAYD\u00dcZ\u00dc \/ S\u0130NOP Sorumlu :\u015eemsettin YAVUZ E-posta:bilgi@sarayduzuhaber.com<\/p>\n","protected":false},"author":1,"featured_media":0,"parent":0,"menu_order":0,"comment_status":"closed","ping_status":"closed","template":"pages\/page-full.php","meta":{"footnotes":""},"class_list":["post-82","page","type-page","status-publish","hentry"],"_links":{"self":[{"href":"https:\/\/www.sarayduzuhaber.com\/index.php\/wp-json\/wp\/v2\/pages\/82","targetHints":{"allow":["GET"]}}],"collection":[{"href":"https:\/\/www.sarayduzuhaber.com\/index.php\/wp-json\/wp\/v2\/pages"}],"about":[{"href":"https:\/\/www.sarayduzuhaber.com\/index.php\/wp-json\/wp\/v2\/types\/page"}],"author":[{"embeddable":true,"href":"https:\/\/www.sarayduzuhaber.com\/index.php\/wp-json\/wp\/v2\/users\/1"}],"replies":[{"embeddable":true,"href":"https:\/\/www.sarayduzuhaber.com\/index.php\/wp-json\/wp\/v2\/comments?post=82"}],"version-history":[{"count":7,"href":"https:\/\/www.sarayduzuhaber.com\/index.php\/wp-json\/wp\/v2\/pages\/82\/revisions"}],"predecessor-version":[{"id":1464,"href":"https:\/\/www.sarayduzuhaber.com\/index.php\/wp-json\/wp\/v2\/pages\/82\/revisions\/1464"}],"wp:attachment":[{"href":"https:\/\/www.sarayduzuhaber.com\/index.php\/wp-json\/wp\/v2\/media?parent=82"}],"curies":[{"name":"wp","href":"https:\/\/api.w.org\/{rel}","templated":true}]}}