{"id":1191,"date":"2024-05-27T15:10:02","date_gmt":"2016-11-27T13:10:02","guid":{"rendered":"http:\/\/demo.safirtema.com\/poyraz\/?page_id=1191"},"modified":"2025-09-24T15:51:01","modified_gmt":"2025-09-24T12:51:01","slug":"bize-ulasin","status":"publish","type":"page","link":"https:\/\/www.sarayduzuhaber.com\/index.php\/bize-ulasin\/","title":{"rendered":"Bize Ula\u015f\u0131n"},"content":{"rendered":"\n<p>YUKARI AKPINAR K\u00d6Y\u00dc SARAYD\u00dcZ\u00dc \/ S\u0130NOP<\/p>\n\n\n\n<p>\u015eEMSETT\u0130N YAVUZ<\/p>\n\n\n\n<p><strong>E-mail : semsettin@semsettinyavuz.com.tr<\/strong><\/p>\n","protected":false},"excerpt":{"rendered":"<p>YUKARI AKPINAR K\u00d6Y\u00dc SARAYD\u00dcZ\u00dc \/ S\u0130NOP \u015eEMSETT\u0130N YAVUZ E-mail : semsettin@semsettinyavuz.com.tr<\/p>\n","protected":false},"author":1,"featured_media":0,"parent":0,"menu_order":0,"comment_status":"closed","ping_status":"closed","template":"","meta":{"footnotes":""},"class_list":["post-1191","page","type-page","status-publish","hentry"],"_links":{"self":[{"href":"https:\/\/www.sarayduzuhaber.com\/index.php\/wp-json\/wp\/v2\/pages\/1191","targetHints":{"allow":["GET"]}}],"collection":[{"href":"https:\/\/www.sarayduzuhaber.com\/index.php\/wp-json\/wp\/v2\/pages"}],"about":[{"href":"https:\/\/www.sarayduzuhaber.com\/index.php\/wp-json\/wp\/v2\/types\/page"}],"author":[{"embeddable":true,"href":"https:\/\/www.sarayduzuhaber.com\/index.php\/wp-json\/wp\/v2\/users\/1"}],"replies":[{"embeddable":true,"href":"https:\/\/www.sarayduzuhaber.com\/index.php\/wp-json\/wp\/v2\/comments?post=1191"}],"version-history":[{"count":6,"href":"https:\/\/www.sarayduzuhaber.com\/index.php\/wp-json\/wp\/v2\/pages\/1191\/revisions"}],"predecessor-version":[{"id":1466,"href":"https:\/\/www.sarayduzuhaber.com\/index.php\/wp-json\/wp\/v2\/pages\/1191\/revisions\/1466"}],"wp:attachment":[{"href":"https:\/\/www.sarayduzuhaber.com\/index.php\/wp-json\/wp\/v2\/media?parent=1191"}],"curies":[{"name":"wp","href":"https:\/\/api.w.org\/{rel}","templated":true}]}}